{"id":24,"date":"2020-08-26T18:45:34","date_gmt":"2020-08-26T18:45:34","guid":{"rendered":"http:\/\/ws.dfmsi.pt\/wp\/?page_id=24"},"modified":"2020-08-27T09:28:50","modified_gmt":"2020-08-27T09:28:50","slug":"portfolio","status":"publish","type":"page","link":"https:\/\/ws.dfmsi.pt\/wp\/portfolio\/","title":{"rendered":"Atividades que vais desempenhar"},"content":{"rendered":"\n<p>Conhecer e desenvolver produtos multim\u00e9dia interativos<br>Captar, digitalizar e tratar imagens, som e texto<br>Editar conte\u00fados com vista \u00e0 cria\u00e7\u00e3o de solu\u00e7\u00f5es de comunica\u00e7\u00e3o (informativas e l\u00fadicas)<br>Integrar conte\u00fados utilizando ferramentas de autor<br>Programar aplica\u00e7\u00f5es multim\u00e9dia<br>Animar objetos para aplica\u00e7\u00f5es multim\u00e9dia<br>Desenhar conte\u00fados multim\u00e9dia<\/p>\n","protected":false},"excerpt":{"rendered":"<p>Conhecer e desenvolver produtos multim\u00e9dia interativosCaptar, digitalizar e tratar imagens, som e textoEditar conte\u00fados com vista \u00e0 cria\u00e7\u00e3o de solu\u00e7\u00f5es de comunica\u00e7\u00e3o (informativas e l\u00fadicas)Integrar conte\u00fados utilizando ferramentas de autorProgramar aplica\u00e7\u00f5es multim\u00e9diaAnimar objetos para aplica\u00e7\u00f5es multim\u00e9diaDesenhar conte\u00fados multim\u00e9dia<\/p>\n","protected":false},"author":2,"featured_media":0,"parent":0,"menu_order":4,"comment_status":"closed","ping_status":"closed","template":"","meta":[],"_links":{"self":[{"href":"https:\/\/ws.dfmsi.pt\/wp\/wp-json\/wp\/v2\/pages\/24"}],"collection":[{"href":"https:\/\/ws.dfmsi.pt\/wp\/wp-json\/wp\/v2\/pages"}],"about":[{"href":"https:\/\/ws.dfmsi.pt\/wp\/wp-json\/wp\/v2\/types\/page"}],"author":[{"embeddable":true,"href":"https:\/\/ws.dfmsi.pt\/wp\/wp-json\/wp\/v2\/users\/2"}],"replies":[{"embeddable":true,"href":"https:\/\/ws.dfmsi.pt\/wp\/wp-json\/wp\/v2\/comments?post=24"}],"version-history":[{"count":3,"href":"https:\/\/ws.dfmsi.pt\/wp\/wp-json\/wp\/v2\/pages\/24\/revisions"}],"predecessor-version":[{"id":85,"href":"https:\/\/ws.dfmsi.pt\/wp\/wp-json\/wp\/v2\/pages\/24\/revisions\/85"}],"wp:attachment":[{"href":"https:\/\/ws.dfmsi.pt\/wp\/wp-json\/wp\/v2\/media?parent=24"}],"curies":[{"name":"wp","href":"https:\/\/api.w.org\/{rel}","templated":true}]}}